{"id":2650,"date":"2019-05-27T18:45:15","date_gmt":"2019-05-27T16:45:15","guid":{"rendered":"https:\/\/www.lamaisondarthur.be\/huisreglement\/"},"modified":"2026-04-12T11:28:57","modified_gmt":"2026-04-12T09:28:57","slug":"les-regles-internes","status":"publish","type":"page","link":"https:\/\/www.lamaisondarthur.be\/fr\/les-regles-internes\/","title":{"rendered":"Les r\u00e8gles internes"},"content":{"rendered":"<h1>Nos r\u00e8gles internes<\/h1>\n<div class=\"section\">\n<h2>G\u00e9n\u00e9ral<\/h2>\n<ul>\n<li>Les animaux sur demande.<\/li>\n<li>Il est interdit de fumer \u00e0 l&rsquo;int\u00e9rieur. Des d\u00e9tecteurs de fum\u00e9e sont pr\u00e9vus.<\/li>\n<li>La friture, la cuisson gourmet et la raclette ne sont pas autoris\u00e9es.<\/li>\n<\/ul>\n<p><em>Si ces r\u00e8gles ne sont pas respect\u00e9es, nous serons contraints de retenir d\u00e9finitivement la caution.<\/em><\/p>\n<h2>\u00c0 l&rsquo;arriv\u00e9e<\/h2>\n<ul>\n<li>V\u00e9rifiez le logement pour d&rsquo;\u00e9ventuels d\u00e9fauts ou manques.<\/li>\n<li>Signalez les probl\u00e8mes importants dans les 24 heures. Les plaintes ult\u00e9rieures ne seront plus prises en consid\u00e9ration.<\/li>\n<\/ul>\n<h2>Au d\u00e9part<\/h2>\n<ul>\n<li>Laissez la maison propre.<\/li>\n<li>Passez l&rsquo;aspirateur soigneusement.<\/li>\n<li>Lavez la vaisselle, videz le lave-vaisselle et remettez tout dans les armoires pr\u00e9vues.<\/li>\n<li>Videz toutes les poubelles du logement et jetez les d\u00e9chets tri\u00e9s dans les poubelles du parc.<\/li>\n<li>Laissez le r\u00e9frig\u00e9rateur, cong\u00e9lateur, la machine \u00e0 caf\u00e9, le four, le lave-vaisselle et la plaque de cuisson propres.<\/li>\n<li>Nettoyez la douche, la toilettes et la cuisine.<\/li>\n<li>Nettoyez le barbecue apr\u00e8s utilisation.<\/li>\n<\/ul>\n<p><em>En cas de non-respect, des frais de nettoyage suppl\u00e9mentaires seront d\u00e9duits de la caution.<\/em><\/p>\n<h2>Consommation<\/h2>\n<ul>\n<li>La consommation normale de gaz et d&rsquo;\u00e9lectricit\u00e9 est incluse dans le prix (60\u20ac par semaine).<\/li>\n<\/ul>\n<p><em>En cas de consommation excessive, cela sera d\u00e9duit de la caution.<\/em><\/p>\n<h2>Contrat de location<\/h2>\n<ul>\n<li>Lisez le r\u00e8glement complet dans le contrat de location.<\/li>\n<li>Chaque locataire doit habiter la maison en bon p\u00e8re de famille et respecter le r\u00e8glement int\u00e9rieur.<\/li>\n<\/ul>\n<\/div>\n","protected":false},"excerpt":{"rendered":"<p>Nos r\u00e8gles internes G\u00e9n\u00e9ral Les animaux sur demande. Il est interdit de fumer \u00e0 l&rsquo;int\u00e9rieur. Des d\u00e9tecteurs de fum\u00e9e sont pr\u00e9vus. La friture, la cuisson gourmet et la raclette ne sont pas autoris\u00e9es. Si ces r\u00e8gles ne sont pas respect\u00e9es, nous serons contraints de retenir d\u00e9finitivement la caution. \u00c0 l&rsquo;arriv\u00e9e V\u00e9rifiez le logement pour d&rsquo;\u00e9ventuels&hellip;<\/p>\n","protected":false},"author":1,"featured_media":0,"parent":0,"menu_order":0,"comment_status":"closed","ping_status":"closed","template":"","meta":{"footnotes":""},"class_list":["post-2650","page","type-page","status-publish","hentry","entry","no-media"],"_links":{"self":[{"href":"https:\/\/www.lamaisondarthur.be\/fr\/wp-json\/wp\/v2\/pages\/2650","targetHints":{"allow":["GET"]}}],"collection":[{"href":"https:\/\/www.lamaisondarthur.be\/fr\/wp-json\/wp\/v2\/pages"}],"about":[{"href":"https:\/\/www.lamaisondarthur.be\/fr\/wp-json\/wp\/v2\/types\/page"}],"author":[{"embeddable":true,"href":"https:\/\/www.lamaisondarthur.be\/fr\/wp-json\/wp\/v2\/users\/1"}],"replies":[{"embeddable":true,"href":"https:\/\/www.lamaisondarthur.be\/fr\/wp-json\/wp\/v2\/comments?post=2650"}],"version-history":[{"count":7,"href":"https:\/\/www.lamaisondarthur.be\/fr\/wp-json\/wp\/v2\/pages\/2650\/revisions"}],"predecessor-version":[{"id":3291,"href":"https:\/\/www.lamaisondarthur.be\/fr\/wp-json\/wp\/v2\/pages\/2650\/revisions\/3291"}],"wp:attachment":[{"href":"https:\/\/www.lamaisondarthur.be\/fr\/wp-json\/wp\/v2\/media?parent=2650"}],"curies":[{"name":"wp","href":"https:\/\/api.w.org\/{rel}","templated":true}]}}