{"id":2639,"date":"2019-05-25T15:46:02","date_gmt":"2019-05-25T13:46:02","guid":{"rendered":"https:\/\/www.lamaisondarthur.be\/prijzen\/"},"modified":"2026-02-01T11:12:15","modified_gmt":"2026-02-01T10:12:15","slug":"tarifs","status":"publish","type":"page","link":"https:\/\/www.lamaisondarthur.be\/fr\/tarifs\/","title":{"rendered":"Tarifs"},"content":{"rendered":"<div class=\"wpb-content-wrapper\">[vc_row][vc_column width=\u00a0\u00bb1\/3&Prime;][vc_column_text css=\u00a0\u00bb\u00a0\u00bb el_class=\u00a0\u00bbprijsbox\u00a0\u00bb]\n<h3>Basse saison<\/h3>\n<p>Janvier, f\u00e9vrier, mars, novembre &amp; decembre<\/p>\n<p><em>Par semaine de samedi 15h au samedi 10h<\/em><\/p>\n<ul>\n<li>Semaine : 525\u20ac<\/li>\n<li>2 semaines : 990\u20ac<\/li>\n<li>3 semaines : 1455\u20ac<\/li>\n<li>4 semaines : 1920\u20ac<\/li>\n<\/ul>\n<p><em>Mi-semaine : 3<\/em>75\u20ac<br \/>\n<em>Weekend<\/em> : sur demand[\/vc_column_text][\/vc_column][vc_column width=\u00a0\u00bb1\/3&Prime;][vc_column_text css=\u00a0\u00bb\u00a0\u00bb el_class=\u00a0\u00bbprijsbox\u00a0\u00bb]\n<h3>Saison interm\u00e9diaire<\/h3>\n<p>Avril, mai, june, septembre &amp; octobre<\/p>\n<p><em>Par semaine de samedi 15h au samedi 10h<\/em><\/p>\n<ul>\n<li>\u00a0 Semaine : 675\u20ac<\/li>\n<li>\u00a0 2 semaines : 1290\u20ac<\/li>\n<li>\u00a0 3 semaines : 1845\u20ac<\/li>\n<li>\u00a0 4 semaines : 2400\u20ac<\/li>\n<\/ul>\n<p><em>Mi-semaine : <\/em>475\u20ac<br \/>\n<em>Weekend<\/em> : sur demand[\/vc_column_text][\/vc_column][vc_column width=\u00a0\u00bb1\/3&Prime;][vc_column_text css=\u00a0\u00bb\u00a0\u00bb el_class=\u00a0\u00bbprijsbox\u00a0\u00bb]\n<h3>Haute saison<\/h3>\n<p>Juillet &amp; ao\u00fbt<\/p>\n<p><em>Par semaine de samedi 15h au samedi 10h<\/em><\/p>\n<ul>\n<li>Semaine: 995 \u20ac<\/li>\n<li>2 semaines: 1930 \u20ac<\/li>\n<li>3 semaines: 2805 \u20ac<\/li>\n<li>4 semaines: 3680 \u20ac<\/li>\n<\/ul>\n[\/vc_column_text][\/vc_column][\/vc_row][vc_row][vc_column width=\u00a0\u00bb1\/3&Prime;][vc_column_text css=\u00a0\u00bb\u00a0\u00bb el_class=\u00a0\u00bbprijsbox\u00a0\u00bb]\n<h3>Vacances scolaires 2026<\/h3>\n<p><em>Par semaine de samedi 15h au samedi 10h<\/em><\/p>\n<p>Vacances de carnaval 2026 :<\/p>\n<ul>\n<li>14\/02\/2026-21\/02\/2026 : 750\u20ac<\/li>\n<\/ul>\n<p>Vacances de P\u00e2ques 2026 :<\/p>\n<ul>\n<li>04\/04\/2026-11\/04\/2026 : 750\u20ac<\/li>\n<li>11\/04\/2026-18\/04\/2026 : lou\u00e9<\/li>\n<\/ul>\n<p>Vacances d&rsquo;automne 2026 :<\/p>\n<ul>\n<li>31\/10\/2026-07\/11\/2026 : 750\u20ac<\/li>\n<\/ul>\n<p>Vacances de No\u00ebl 2026 :<\/p>\n<ul>\n<li>19\/12\/2026-26\/12\/2026 : 750\u20ac<\/li>\n<li>26\/12\/2026-02\/01\/2027 : 750\u20ac<\/li>\n<\/ul>\n<h3><\/h3>\n[\/vc_column_text][\/vc_column][vc_column width=\u00a0\u00bb1\/3&Prime;][vc_column_text css=\u00a0\u00bb\u00a0\u00bb el_class=\u00a0\u00bbprijsbox\u00a0\u00bb]\n<h3>Inclus dans notre prix<\/h3>\n<ul>\n<li>Lits faits \u00e0 l&rsquo;arriv\u00e9e pour 4 personnes (25\u20ac extra par extra personne)<\/li>\n<li>Consommation de gaz &amp; \u00e9lectricit\u00e9 limit\u00e9e : 60 \u20ac\/semaine<\/li>\n<li>Nettoyage final normal<\/li>\n<li>2 torchons de cuisine et 1 torchon<\/li>\n<li>Herbes de cuisine<\/li>\n<\/ul>\n[\/vc_column_text][\/vc_column][\/vc_row][vc_row][vc_column width=\u00a0\u00bb1\/4&Prime;][vc_column_text css=\u00a0\u00bb\u00a0\u00bb el_class=\u00a0\u00bbextras\u00a0\u00bb]\n<h5>Non inclus<\/h5>\n<ul>\n<li>Garantie : 400 \u20ac<\/li>\n<li>Consommation anormale de gaz et d&rsquo;\u00e9lectricit\u00e9<\/li>\n<li>Frais de nettoyage suppl\u00e9mentaires<\/li>\n<\/ul>\n[\/vc_column_text][\/vc_column][vc_column width=\u00a0\u00bb1\/4&Prime;][vc_column_text css=\u00a0\u00bb\u00a0\u00bb el_class=\u00a0\u00bbextras\u00a0\u00bb]\n<h5>Payment<\/h5>\n<ul>\n<li>Un acompte de 30% \u00e0 la r\u00e9servation doit \u00eatre r\u00e9gl\u00e9 imm\u00e9diatement par virement bancaire.<\/li>\n<li>Solde + garantie de 400 \u20ac : 8 semaines avant l&rsquo;arriv\u00e9e par virement bancaire.<\/li>\n<li>Si moins de 8 semaines avant l&rsquo;arriv\u00e9e : montant total + garantie de 400 \u20ac \u00e0 r\u00e9gler imm\u00e9diatement par virement bancaire.<\/li>\n<\/ul>\n[\/vc_column_text][\/vc_column][vc_column width=\u00a0\u00bb1\/4&Prime;][vc_column_text css=\u00a0\u00bb\u00a0\u00bb el_class=\u00a0\u00bbextras\u00a0\u00bb]\n<h5>Annulation<\/h5>\n<ul>\n<li>Si plus de 8 semaines avant l&rsquo;arriv\u00e9e, le locataire perd la caution.<\/li>\n<li>Moins de 8 semaines avant l&rsquo;arriv\u00e9e, 50% du montant de la location sera rembours\u00e9.<\/li>\n<li>Moins de 4 semaines avant l&rsquo;arriv\u00e9e, 25% du montant de la location sera rembours\u00e9.<\/li>\n<li>Moins de 2 semaines avant l&rsquo;arriv\u00e9e, la totalit\u00e9 du prix de la location reste due.<\/li>\n<\/ul>\n[\/vc_column_text][\/vc_column][\/vc_row]\n<\/div>","protected":false},"excerpt":{"rendered":"<p>[vc_row][vc_column width=\u00a0\u00bb1\/3&Prime;][vc_column_text css=\u00a0\u00bb\u00a0\u00bb el_class=\u00a0\u00bbprijsbox\u00a0\u00bb] Basse saison Janvier, f\u00e9vrier, mars, novembre &amp; decembre Par semaine de samedi 15h au samedi 10h Semaine : 525\u20ac 2 semaines : 990\u20ac 3 semaines : 1455\u20ac 4 semaines : 1920\u20ac Mi-semaine : 375\u20ac Weekend : sur demand[\/vc_column_text][\/vc_column][vc_column width=\u00a0\u00bb1\/3&Prime;][vc_column_text css=\u00a0\u00bb\u00a0\u00bb el_class=\u00a0\u00bbprijsbox\u00a0\u00bb] Saison interm\u00e9diaire Avril, mai, june, septembre &amp; octobre Par semaine&hellip;<\/p>\n","protected":false},"author":1,"featured_media":0,"parent":0,"menu_order":0,"comment_status":"closed","ping_status":"closed","template":"","meta":{"footnotes":""},"class_list":["post-2639","page","type-page","status-publish","hentry","entry","no-media"],"_links":{"self":[{"href":"https:\/\/www.lamaisondarthur.be\/fr\/wp-json\/wp\/v2\/pages\/2639","targetHints":{"allow":["GET"]}}],"collection":[{"href":"https:\/\/www.lamaisondarthur.be\/fr\/wp-json\/wp\/v2\/pages"}],"about":[{"href":"https:\/\/www.lamaisondarthur.be\/fr\/wp-json\/wp\/v2\/types\/page"}],"author":[{"embeddable":true,"href":"https:\/\/www.lamaisondarthur.be\/fr\/wp-json\/wp\/v2\/users\/1"}],"replies":[{"embeddable":true,"href":"https:\/\/www.lamaisondarthur.be\/fr\/wp-json\/wp\/v2\/comments?post=2639"}],"version-history":[{"count":5,"href":"https:\/\/www.lamaisondarthur.be\/fr\/wp-json\/wp\/v2\/pages\/2639\/revisions"}],"predecessor-version":[{"id":3284,"href":"https:\/\/www.lamaisondarthur.be\/fr\/wp-json\/wp\/v2\/pages\/2639\/revisions\/3284"}],"wp:attachment":[{"href":"https:\/\/www.lamaisondarthur.be\/fr\/wp-json\/wp\/v2\/media?parent=2639"}],"curies":[{"name":"wp","href":"https:\/\/api.w.org\/{rel}","templated":true}]}}