{"id":2638,"date":"2020-04-16T11:14:39","date_gmt":"2020-04-16T09:14:39","guid":{"rendered":"https:\/\/www.lamaisondarthur.be\/la-maison-darthur\/"},"modified":"2025-10-28T19:18:21","modified_gmt":"2025-10-28T18:18:21","slug":"la-maison-darthur","status":"publish","type":"page","link":"https:\/\/www.lamaisondarthur.be\/fr\/la-maison-darthur\/","title":{"rendered":"Notre maison"},"content":{"rendered":"<div class=\"wpb-content-wrapper\">[vc_row][vc_column width=\u00a0\u00bb1\/2&Prime;][vc_column_text css=\u00a0\u00bb\u00a0\u00bb]Notre charmante maison de vacances est adapt\u00e9e pour 1 \u00e0 6 personnes maximum.<\/p>\n<p>Id\u00e9al pour les familles, les couples ou un petit groupe d&rsquo;amis<\/p>\n<p>Au rez-de chauss\u00e9e, vous trouverez une cuisine enti\u00e8rement \u00e9quip\u00e9e et un coin de salon confortable.<\/p>\n<p>La salle de bain est dispose d\u2019une douche \u00e0 l\u2019italienne, d\u2019un lavabo et d\u2019un WC.<\/p>\n<p>Il y a 2 chambres, chacune avec un lit double confortable<\/p>\n<p>Les lits sont faits \u00e0 l&rsquo;arriv\u00e9e.<\/p>\n<p>WIFI gratuit et TV num\u00e9rique.[\/vc_column_text][\/vc_column][vc_column width=\u00a0\u00bb1\/2&Prime;]<figure class=\"vcex-image vcex-module\"><div class=\"vcex-image-inner wpex-relative wpex-inline-block\"><img width=\"1812\" height=\"1671\" src=\"https:\/\/www.lamaisondarthur.be\/wp-content\/uploads\/2025\/10\/2025-Huis-e1761674993156.jpg\" class=\"vcex-image-img wpex-align-middle wpex-aspect-4-3 wpex-object-cover\" alt=\"\" loading=\"lazy\" decoding=\"async\" \/><\/div><\/figure>[\/vc_column][\/vc_row][vc_row][vc_column width=\u00a0\u00bb1\/2&Prime;]<figure class=\"vcex-image vcex-module\"><div class=\"vcex-image-inner wpex-relative wpex-inline-block\"><img width=\"2048\" height=\"1536\" src=\"https:\/\/www.lamaisondarthur.be\/wp-content\/uploads\/2025\/10\/2025-Living-6.jpg\" class=\"vcex-image-img wpex-align-middle wpex-aspect-4-3 wpex-object-cover\" alt=\"\" loading=\"lazy\" decoding=\"async\" srcset=\"https:\/\/www.lamaisondarthur.be\/wp-content\/uploads\/2025\/10\/2025-Living-6.jpg 2048w, https:\/\/www.lamaisondarthur.be\/wp-content\/uploads\/2025\/10\/2025-Living-6-300x225.jpg 300w, https:\/\/www.lamaisondarthur.be\/wp-content\/uploads\/2025\/10\/2025-Living-6-1024x768.jpg 1024w, https:\/\/www.lamaisondarthur.be\/wp-content\/uploads\/2025\/10\/2025-Living-6-768x576.jpg 768w, https:\/\/www.lamaisondarthur.be\/wp-content\/uploads\/2025\/10\/2025-Living-6-1536x1152.jpg 1536w\" sizes=\"auto, (max-width: 2048px) 100vw, 2048px\" \/><\/div><\/figure>[\/vc_column][vc_column width=\u00a0\u00bb1\/2&Prime;][vc_column_text css=\u00a0\u00bb\u00a0\u00bb]A l\u2019\u00e9tage (mezzanine) il y a un coin de nuit avec deux lits simples.<\/p>\n<p>Pour les plus petits, il y a un lit de b\u00e9b\u00e9, une chaise haute et un coussin \u00e0 langer.<\/p>\n<p>Le jardin offre toute l\u2019intimit\u00e9 et est enti\u00e8rement cl\u00f4tur\u00e9. Il y a une table de jardin, un salon et un barbecue.<\/p>\n<p>Le parking priv\u00e9 \u00e0 quelques pas de la maison.<\/p>\n<p>Notre maison n\u2019est pas accessible aux fauteuils roulants.[\/vc_column_text][\/vc_column][\/vc_row][vc_row][vc_column width=\u00a0\u00bb1\/2&Prime;][vc_column_text css=\u00a0\u00bb\u00a0\u00bb]L\u2019arriv\u00e9e est \u00e0 partir de 15h et le d\u00e9part avant 10h.<\/p>\n<p>Il est interdit de fumer \u00e0 l\u2019int\u00e9rieur (d\u00e9tecteurs de fum\u00e9e pr\u00e9sents).<\/p>\n<p>La friture, le gourmets et la raclette sont \u00e9galement interdites..<\/p>\n<p>\u00c0 votre arriv\u00e9e, v\u00e9rifiez la maison pour les d\u00e9fauts ou les manquements et signalez-le dans les 24 heures.<\/p>\n<p>Les reclamations ult\u00e9rieures ne seront plus prises en consid\u00e9ration.<\/p>\n<p>Licence : D\u00e9cret logement n\u00b0 384052[\/vc_column_text][\/vc_column][vc_column width=\u00a0\u00bb1\/2&Prime;]<figure class=\"vcex-image vcex-module\"><div class=\"vcex-image-inner wpex-relative wpex-inline-block\"><img width=\"2048\" height=\"1536\" src=\"https:\/\/www.lamaisondarthur.be\/wp-content\/uploads\/2025\/10\/2025-Keuken-1.jpg\" class=\"vcex-image-img wpex-align-middle wpex-aspect-4-3 wpex-object-cover\" alt=\"\" loading=\"lazy\" decoding=\"async\" srcset=\"https:\/\/www.lamaisondarthur.be\/wp-content\/uploads\/2025\/10\/2025-Keuken-1.jpg 2048w, https:\/\/www.lamaisondarthur.be\/wp-content\/uploads\/2025\/10\/2025-Keuken-1-300x225.jpg 300w, https:\/\/www.lamaisondarthur.be\/wp-content\/uploads\/2025\/10\/2025-Keuken-1-1024x768.jpg 1024w, https:\/\/www.lamaisondarthur.be\/wp-content\/uploads\/2025\/10\/2025-Keuken-1-768x576.jpg 768w, https:\/\/www.lamaisondarthur.be\/wp-content\/uploads\/2025\/10\/2025-Keuken-1-1536x1152.jpg 1536w\" sizes=\"auto, (max-width: 2048px) 100vw, 2048px\" \/><\/div><\/figure>[\/vc_column][\/vc_row][vc_row][vc_column width=\u00a0\u00bb1\/2&Prime;]<figure class=\"vcex-image vcex-module\"><div class=\"vcex-image-inner wpex-relative wpex-inline-block\"><img width=\"2048\" height=\"1536\" src=\"https:\/\/www.lamaisondarthur.be\/wp-content\/uploads\/2025\/10\/2025-Kamer-2-3.jpg\" class=\"vcex-image-img wpex-align-middle wpex-aspect-4-3 wpex-object-cover\" alt=\"\" loading=\"lazy\" decoding=\"async\" srcset=\"https:\/\/www.lamaisondarthur.be\/wp-content\/uploads\/2025\/10\/2025-Kamer-2-3.jpg 2048w, https:\/\/www.lamaisondarthur.be\/wp-content\/uploads\/2025\/10\/2025-Kamer-2-3-300x225.jpg 300w, https:\/\/www.lamaisondarthur.be\/wp-content\/uploads\/2025\/10\/2025-Kamer-2-3-1024x768.jpg 1024w, https:\/\/www.lamaisondarthur.be\/wp-content\/uploads\/2025\/10\/2025-Kamer-2-3-768x576.jpg 768w, https:\/\/www.lamaisondarthur.be\/wp-content\/uploads\/2025\/10\/2025-Kamer-2-3-1536x1152.jpg 1536w\" sizes=\"auto, (max-width: 2048px) 100vw, 2048px\" \/><\/div><\/figure>[\/vc_column][vc_column width=\u00a0\u00bb1\/2&Prime;][vc_column_text css=\u00a0\u00bb\u00a0\u00bb]Chaque locataire doit occuper la maison avec soin et respecter les r\u00e8gles internes.[\/vc_column_text][\/vc_column][\/vc_row][vc_row][vc_column width=\u00a0\u00bb1\/2&Prime;][vc_column_text css=\u00a0\u00bb\u00a0\u00bb]D\u00e9tentez-vous et profitez ![\/vc_column_text][\/vc_column][vc_column width=\u00a0\u00bb1\/2&Prime;]<figure class=\"vcex-image vcex-module\"><div class=\"vcex-image-inner wpex-relative wpex-inline-block\"><img width=\"2048\" height=\"1536\" src=\"https:\/\/www.lamaisondarthur.be\/wp-content\/uploads\/2025\/10\/2025-Tuin-1.jpg\" class=\"vcex-image-img wpex-align-middle wpex-aspect-4-3 wpex-object-cover\" alt=\"\" loading=\"lazy\" decoding=\"async\" srcset=\"https:\/\/www.lamaisondarthur.be\/wp-content\/uploads\/2025\/10\/2025-Tuin-1.jpg 2048w, https:\/\/www.lamaisondarthur.be\/wp-content\/uploads\/2025\/10\/2025-Tuin-1-300x225.jpg 300w, https:\/\/www.lamaisondarthur.be\/wp-content\/uploads\/2025\/10\/2025-Tuin-1-1024x768.jpg 1024w, https:\/\/www.lamaisondarthur.be\/wp-content\/uploads\/2025\/10\/2025-Tuin-1-768x576.jpg 768w, https:\/\/www.lamaisondarthur.be\/wp-content\/uploads\/2025\/10\/2025-Tuin-1-1536x1152.jpg 1536w\" sizes=\"auto, (max-width: 2048px) 100vw, 2048px\" \/><\/div><\/figure>[\/vc_column][\/vc_row]\n<\/div>","protected":false},"excerpt":{"rendered":"<p>[vc_row][vc_column width=\u00a0\u00bb1\/2&Prime;][vc_column_text css=\u00a0\u00bb\u00a0\u00bb]Notre charmante maison de vacances est adapt\u00e9e pour 1 \u00e0 6 personnes maximum. Id\u00e9al pour les familles, les couples ou un petit groupe d&rsquo;amis Au rez-de chauss\u00e9e, vous trouverez une cuisine enti\u00e8rement \u00e9quip\u00e9e et un coin de salon confortable. La salle de bain est dispose d\u2019une douche \u00e0 l\u2019italienne, d\u2019un lavabo et d\u2019un&hellip;<\/p>\n","protected":false},"author":1,"featured_media":0,"parent":0,"menu_order":0,"comment_status":"closed","ping_status":"closed","template":"","meta":{"footnotes":""},"class_list":["post-2638","page","type-page","status-publish","hentry","entry","no-media"],"_links":{"self":[{"href":"https:\/\/www.lamaisondarthur.be\/fr\/wp-json\/wp\/v2\/pages\/2638","targetHints":{"allow":["GET"]}}],"collection":[{"href":"https:\/\/www.lamaisondarthur.be\/fr\/wp-json\/wp\/v2\/pages"}],"about":[{"href":"https:\/\/www.lamaisondarthur.be\/fr\/wp-json\/wp\/v2\/types\/page"}],"author":[{"embeddable":true,"href":"https:\/\/www.lamaisondarthur.be\/fr\/wp-json\/wp\/v2\/users\/1"}],"replies":[{"embeddable":true,"href":"https:\/\/www.lamaisondarthur.be\/fr\/wp-json\/wp\/v2\/comments?post=2638"}],"version-history":[{"count":5,"href":"https:\/\/www.lamaisondarthur.be\/fr\/wp-json\/wp\/v2\/pages\/2638\/revisions"}],"predecessor-version":[{"id":3249,"href":"https:\/\/www.lamaisondarthur.be\/fr\/wp-json\/wp\/v2\/pages\/2638\/revisions\/3249"}],"wp:attachment":[{"href":"https:\/\/www.lamaisondarthur.be\/fr\/wp-json\/wp\/v2\/media?parent=2638"}],"curies":[{"name":"wp","href":"https:\/\/api.w.org\/{rel}","templated":true}]}}