{"id":2637,"date":"2018-09-21T08:07:50","date_gmt":"2018-09-21T06:07:50","guid":{"rendered":"https:\/\/www.lamaisondarthur.be\/home\/"},"modified":"2025-06-13T07:33:54","modified_gmt":"2025-06-13T05:33:54","slug":"home","status":"publish","type":"page","link":"https:\/\/www.lamaisondarthur.be\/fr\/","title":{"rendered":"Home"},"content":{"rendered":"<div class=\"wpb-content-wrapper\">[vc_row][vc_column]<div class=\"vcex-spacing wpex-w-100 wpex-clear\"><\/div>[vc_column_text css=\u00a0\u00bb\u00a0\u00bb]\n<p style=\"text-align: center;\">\u00c9chappez \u00e0 l\u2019agitation quotidienne et d\u00e9tendez-vous compl\u00e8tement dans notre maison de vacances confortable, situ\u00e9e dans le domaine verdoyant et adapt\u00e9 aux enfants de Sunparks Oostduinkerke. A seulement 1km de la plage et des dunes, notre propri\u00e9t\u00e9 offre la base id\u00e9ale pour des vacances reposantes sur la c\u00f4te belge.<\/p>\n<p style=\"text-align: center;\">Que vous aimiez la randonn\u00e9e, le v\u00e9lo, la natation ou simplement profiter de la nature et de la mer, vous trouverez ici tout ce dont vous avez besoin pour un s\u00e9jour inoubliable. La maison est enti\u00e8rement \u00e9quip\u00e9e avec tout le confort et est \u00e0 distance de marche du paradis aquatique subtropical, des restaurants, des aires de jeux et de nombreuses possibilit\u00e9s de loisirs.<\/p>\n<p style=\"text-align: center;\">Que les vacances commencent &#8211; bienvenue \u00e0 La Maison d\u2019Arthur !<\/p>\n[\/vc_column_text]<div class=\"vcex-spacing wpex-w-100 wpex-clear\"><\/div>[\/vc_column][\/vc_row]\n<\/div>","protected":false},"excerpt":{"rendered":"<p>[vc_row][vc_column][vc_column_text css=\u00a0\u00bb\u00a0\u00bb] \u00c9chappez \u00e0 l\u2019agitation quotidienne et d\u00e9tendez-vous compl\u00e8tement dans notre maison de vacances confortable, situ\u00e9e dans le domaine verdoyant et adapt\u00e9 aux enfants de Sunparks Oostduinkerke. A seulement 1km de la plage et des dunes, notre propri\u00e9t\u00e9 offre la base id\u00e9ale pour des vacances reposantes sur la c\u00f4te belge. Que vous aimiez la randonn\u00e9e,&hellip;<\/p>\n","protected":false},"author":1,"featured_media":0,"parent":0,"menu_order":0,"comment_status":"closed","ping_status":"closed","template":"","meta":{"footnotes":""},"class_list":["post-2637","page","type-page","status-publish","hentry","entry","no-media"],"_links":{"self":[{"href":"https:\/\/www.lamaisondarthur.be\/fr\/wp-json\/wp\/v2\/pages\/2637","targetHints":{"allow":["GET"]}}],"collection":[{"href":"https:\/\/www.lamaisondarthur.be\/fr\/wp-json\/wp\/v2\/pages"}],"about":[{"href":"https:\/\/www.lamaisondarthur.be\/fr\/wp-json\/wp\/v2\/types\/page"}],"author":[{"embeddable":true,"href":"https:\/\/www.lamaisondarthur.be\/fr\/wp-json\/wp\/v2\/users\/1"}],"replies":[{"embeddable":true,"href":"https:\/\/www.lamaisondarthur.be\/fr\/wp-json\/wp\/v2\/comments?post=2637"}],"version-history":[{"count":5,"href":"https:\/\/www.lamaisondarthur.be\/fr\/wp-json\/wp\/v2\/pages\/2637\/revisions"}],"predecessor-version":[{"id":2867,"href":"https:\/\/www.lamaisondarthur.be\/fr\/wp-json\/wp\/v2\/pages\/2637\/revisions\/2867"}],"wp:attachment":[{"href":"https:\/\/www.lamaisondarthur.be\/fr\/wp-json\/wp\/v2\/media?parent=2637"}],"curies":[{"name":"wp","href":"https:\/\/api.w.org\/{rel}","templated":true}]}}